{"id":5043,"date":"2022-09-15T15:18:09","date_gmt":"2022-09-15T15:18:09","guid":{"rendered":"https:\/\/www.pcalles.com\/politica-de-cookies\/"},"modified":"2024-12-13T19:55:19","modified_gmt":"2024-12-13T19:55:19","slug":"politica-de-cookies","status":"publish","type":"page","link":"https:\/\/www.pcalles.com\/ca\/politica-de-cookies\/","title":{"rendered":"Pol\u00edtica de cookies"},"content":{"rendered":"\t\t<div data-elementor-type=\"wp-page\" data-elementor-id=\"5043\" class=\"elementor elementor-5043 elementor-4716\">\n\t\t\t\t\t\t\t\t\t<section class=\"elementor-section elementor-top-section elementor-element elementor-element-fb71744 elementor-section-boxed elementor-section-height-default elementor-section-height-default\" data-id=\"fb71744\" data-element_type=\"section\">\n\t\t\t\t\t\t<div class=\"elementor-container elementor-column-gap-default\">\n\t\t\t\t\t<div class=\"elementor-column elementor-col-100 elementor-top-column elementor-element elementor-element-3a5ab2b\" data-id=\"3a5ab2b\" data-element_type=\"column\">\n\t\t\t<div class=\"elementor-widget-wrap elementor-element-populated\">\n\t\t\t\t\t\t\t\t<div class=\"elementor-element elementor-element-51329b0 elementor-widget elementor-widget-text-editor\" data-id=\"51329b0\" data-element_type=\"widget\" data-widget_type=\"text-editor.default\">\n\t\t\t\t<div class=\"elementor-widget-container\">\n\t\t\t\t\t\t\t<h3>Qu\u00e9 ocurre con las <em>cookies<\/em> que guarda tu navegador<\/h3><p>Esta web utiliza\u00a0<em>cookies<\/em>\u00a0temporales de sesi\u00f3n y\u00a0cookies\u00a0permanentes. Las\u00a0cookies\u00a0temporales almacenan datos solo mientras navegas por web. Las permanentes, almacenan los datos en el terminal para que est\u00e9n disponibles en m\u00e1s de una sesi\u00f3n.<\/p><p>Adem\u00e1s, nuestra web puede utilizar:<\/p><ul><li><em>Cookies<\/em>\u00a0t\u00e9cnicas: te permiten navegar por la p\u00e1gina y utilizar sus diferentes opciones o servicios. Por ejemplo, permiten controlar el tr\u00e1fico y la comunicaci\u00f3n de datos, recordar los elementos de un pedido, realizar una solicitud de inscripci\u00f3n a un evento, utilizar elementos de seguridad o almacenar contenidos para la difusi\u00f3n de archivos de v\u00eddeo o sonido.<\/li><li><em>Cookies<\/em>\u00a0de personalizaci\u00f3n: te permiten acceder a la web con algunas caracter\u00edsticas predefinidas: el idioma, el tipo de navegador, el dise\u00f1o de contenidos o la geolocalizaci\u00f3n del terminal.<\/li><li><em>Cookies<\/em>\u00a0de an\u00e1lisis estad\u00edstico: nos permiten realizar el seguimiento y an\u00e1lisis del comportamiento de los usuarios. La informaci\u00f3n recogida se utiliza para la elaboraci\u00f3n de perfiles de navegaci\u00f3n de los usuarios, con el fin de introducir mejoras en el servicio en funci\u00f3n de los datos recogidos.<\/li><li><em>Cookies<\/em>\u00a0de terceros: como las de Google Analytics, tambi\u00e9n permiten introducir mejoras.<\/li><\/ul><h3>C\u00f3mo administrar las <em>cookies<\/em><\/h3><p>Puedes permitir, bloquear o eliminar las\u00a0<em>cookies<\/em> instaladas en tu equipo configurando el navegador que utilices:<\/p><p><a href=\"https:\/\/support.google.com\/chrome\/answer\/95647?co=GENIE.Platform%3DDesktop&amp;hl=es\" target=\"_blank\" rel=\"noopener nofollow\">Google Chrome<\/a><br \/><a href=\"https:\/\/support.microsoft.com\/es-es\/windows\/eliminar-y-administrar-cookies-168dab11-0753-043d-7c16-ede5947fc64d\" target=\"_blank\" rel=\"noopener nofollow\">Internet Explorer<\/a><br \/><a href=\"https:\/\/support.mozilla.org\/es\/kb\/Borrar%20cookies\" target=\"_blank\" rel=\"noopener nofollow\">Mozilla Firefox<\/a><br \/><a href=\"https:\/\/support.apple.com\/es-es\/guide\/safari\/sfri11471\/mac\" target=\"_blank\" rel=\"noopener nofollow\">Safari<\/a><br \/><a href=\"https:\/\/blogs.opera.com\/news\/2015\/08\/how-to-manage-cookies-in-opera\/\" target=\"_blank\" rel=\"noopener nofollow\">Opera<\/a><\/p>\t\t\t\t\t\t<\/div>\n\t\t\t\t<\/div>\n\t\t\t\t\t<\/div>\n\t\t<\/div>\n\t\t\t\t\t\t\t<\/div>\n\t\t<\/section>\n\t\t\t\t\t\t\t<\/div>\n\t\t","protected":false},"excerpt":{"rendered":"<p>Qu\u00e9 ocurre con las cookies que guarda tu navegador Esta web utiliza\u00a0cookies\u00a0temporales de sesi\u00f3n y\u00a0cookies\u00a0permanentes. Las\u00a0cookies\u00a0temporales almacenan datos solo mientras navegas por web. Las permanentes, almacenan los datos en el terminal para que est\u00e9n disponibles en m\u00e1s de una sesi\u00f3n. Adem\u00e1s, nuestra web puede utilizar: Cookies\u00a0t\u00e9cnicas: te permiten navegar por la p\u00e1gina y utilizar sus&hellip;<\/p>\n","protected":false},"author":3,"featured_media":0,"parent":0,"menu_order":0,"comment_status":"closed","ping_status":"closed","template":"","meta":{"inline_featured_image":false,"footnotes":""},"class_list":["post-5043","page","type-page","status-publish","hentry"],"_links":{"self":[{"href":"https:\/\/www.pcalles.com\/ca\/wp-json\/wp\/v2\/pages\/5043","targetHints":{"allow":["GET"]}}],"collection":[{"href":"https:\/\/www.pcalles.com\/ca\/wp-json\/wp\/v2\/pages"}],"about":[{"href":"https:\/\/www.pcalles.com\/ca\/wp-json\/wp\/v2\/types\/page"}],"author":[{"embeddable":true,"href":"https:\/\/www.pcalles.com\/ca\/wp-json\/wp\/v2\/users\/3"}],"replies":[{"embeddable":true,"href":"https:\/\/www.pcalles.com\/ca\/wp-json\/wp\/v2\/comments?post=5043"}],"version-history":[{"count":1,"href":"https:\/\/www.pcalles.com\/ca\/wp-json\/wp\/v2\/pages\/5043\/revisions"}],"predecessor-version":[{"id":5430,"href":"https:\/\/www.pcalles.com\/ca\/wp-json\/wp\/v2\/pages\/5043\/revisions\/5430"}],"wp:attachment":[{"href":"https:\/\/www.pcalles.com\/ca\/wp-json\/wp\/v2\/media?parent=5043"}],"curies":[{"name":"wp","href":"https:\/\/api.w.org\/{rel}","templated":true}]}}